{"id":317,"date":"2021-04-29T15:19:57","date_gmt":"2021-04-29T19:19:57","guid":{"rendered":"https:\/\/delouyamarkakis.com\/simon-st-onge-c-apple-inc-et-apple-inc-canada\/"},"modified":"2021-05-21T09:45:17","modified_gmt":"2021-05-21T13:45:17","slug":"simon-st-onge-c-apple-inc-et-apple-inc-canada","status":"publish","type":"page","link":"https:\/\/delouyamarkakis.com\/en\/simon-st-onge-c-apple-inc-et-apple-inc-canada\/","title":{"rendered":"Simon St Onge c. Apple Inc et Apple Inc. Canada"},"content":{"rendered":"<div class=\"wpb-content-wrapper\"><p>[vc_row css=&#8221;.vc_custom_1619724334259{padding-bottom: 50px !important;}&#8221;][vc_column][vc_tour interval=&#8221;0&#8243; title_size=&#8221;h4&#8243; style=&#8221;tab-style-two&#8221;][vc_tab title=&#8221;Presentation&#8221; tab_id=&#8221;6c2fac30-c5de-10&#8243;][vc_column_text]<strong> This notice concerns a judgment of the Superior Court of Quebec (district of Montreal) dated March 20, 2019, authorizing a Class Action against Apple Inc. and Apple Canada Inc.<\/strong><\/p>\n<p>In this judgment, the Honorable Chantal Corriveau (j.c.s.) defines the group as follows:<\/p>\n<p>\u00ab All individuals and business entities in Qu\u00e9bec who owned or leased an iPhone SE, 5, 6, 7 and their sub-series (hereinafter collectively referred to as the \u201cSubject iPhones\u201d) and have updated their iPhones to iOS 10 and iOS 11 or later versions of iOS, or any other group to be determined by the Court. \u00bb<\/p>\n<p>The title of representative for the exercise of this Class Action has been granted to M. Simon St-Onge.[\/vc_column_text][\/vc_tab][vc_tab title=&#8221;Publications and Media&#8221; tab_id=&#8221;4722b850-e2b0-7&#8243;][vc_column_text]<\/p>\n<p class=\"p1\"><span class=\"s1\"><a href=\"https:\/\/ici.radio-canada.ca\/nouvelle\/1159701\/iphone-lent-obsolescence-programmee-recours-collectif-apple-justice-ios-simon-st-onge\" target=\"_blank\" rel=\"noopener\">Une action collective contre Apple autoris\u00e9e au Qu\u00e9bec | Radio-Canada.ca (radio-canada.ca)<\/a><\/span><\/p>\n<p class=\"p1\"><span class=\"s1\"><a href=\"https:\/\/www.lapresse.ca\/actualites\/justice-et-faits-divers\/201903\/22\/01-5219191-une-premiere-action-collective-contre-apple-autorisee-au-quebec.php\" target=\"_blank\" rel=\"noopener\">Une premi\u00e8re action collective contre Apple autoris\u00e9e au Qu\u00e9bec | La Presse<\/a><\/span><\/p>\n<p class=\"p1\"><span class=\"s1\"><a href=\"https:\/\/ici.radio-canada.ca\/nouvelle\/1075304\/recours-collectifs-contre-apple-ralentissement-volontaire\" target=\"_blank\" rel=\"noopener\">Obsolescence programm\u00e9e : les recours collectifs contre Apple s\u2019accumulent | Radio-Canada.ca (radio-canada.ca)<\/a><\/span><\/p>\n<p class=\"p1\"><span class=\"s1\"><a href=\"https:\/\/www.iheartradio.ca\/cjad\/news\/montrealer-wants-to-sue-apple-over-iphone-bugs-1.3483594\" target=\"_blank\" rel=\"noopener\">Montrealer wants to sue Apple over IPhone bugs (iheartradio.ca)<\/a><\/span><\/p>\n<p class=\"p1\"><span class=\"s1\"><a href=\"https:\/\/www.droit-inc.com\/article21603-Obsolescence-un-Montrealais-lance-une-action-collective-contre-Apple\" target=\"_blank\" rel=\"noopener\">Obsolescence: un Montr\u00e9alais lance une action collective contre Apple ! | Droit Inc. (droit-inc.com)<\/a><\/span><\/p>\n<p class=\"p1\"><span class=\"s1\"><a href=\"https:\/\/quebec.huffingtonpost.ca\/2017\/12\/04\/un-montrealais-veut-lancer-une-action-collective-pour-les-iphone-5-et-iphone-6_a_23296728\/\" target=\"_blank\" rel=\"noopener\">Un Montr\u00e9alais veut lancer une action collective pour les iPhone 5 et iPhone 6 | HuffPost Qu\u00e9bec (huffingtonpost.ca)<\/a><\/span><\/p>\n<p class=\"p1\"><span class=\"s1\"><a href=\"https:\/\/www.editionsyvonblais.com\/blog\/sebastien-lapointe\/action-collective-autorisee-quant-au-ralentissement-intentionnel-de-liphone-504\/\" target=\"_blank\" rel=\"noopener\">Action collective autoris\u00e9e quant au ralentissement intentionnel de l\u2019iPhone | \u00c9ditions Yvon Blais<\/a><\/span><\/p>\n<p class=\"p1\"><span class=\"s1\"><a href=\"https:\/\/www.journaldemontreal.com\/2017\/12\/04\/iphone-5-et-6--demande-daction-collective\" target=\"_blank\" rel=\"noopener\">iPhone 5 et 6: un Montr\u00e9alais veut intenter une action collective | JDM (journaldemontreal.com)<\/a><\/span><\/p>\n<p class=\"p1\"><span class=\"s1\"><a href=\"https:\/\/www.htcn.fr\/blog\/obsolescence-programmee-de-liphone-5-utilisateur-poursuit-apple\/?pdf=5866\" target=\"_blank\" rel=\"noopener\">Obsolescence programm\u00e9e de l\u2019iPhone 5, un utilisateur poursuit Apple (htcn.fr)<\/a><\/span><\/p>\n<p class=\"p1\"><span class=\"s1\"><a href=\"https:\/\/www.infopresse.com\/article\/2019\/2\/27\/obsolescence-programmee-qui-fait-reellement-le-suivi\" target=\"_blank\" rel=\"noopener\">Obsolescence programm\u00e9e: qui fait le suivi au Qu\u00e9bec? &#8211; Infopresse<\/a><\/span><\/p>\n<p class=\"p1\"><span class=\"s1\"><a href=\"https:\/\/macquebec.com\/autre-action-collective-contre-apple\/\" target=\"_blank\" rel=\"noopener\">Autre action collective contre Apple (macquebec.com)<\/a><\/span><\/p>\n<p class=\"p1\"><span class=\"s1\"><a href=\"https:\/\/casl-pipeda.ca\/2019\/03\/22\/action-collective-autorisee-quant-au-ralentissement-intentionnel-de-liphone\/\" target=\"_blank\" rel=\"noopener\">Action collective autoris\u00e9e quant au ralentissement intentionnel de l\u2019iPhone \u2013 CASL, PIPEDA &amp; compagnie (casl-pipeda.ca)<\/a><\/span><\/p>\n<p>[\/vc_column_text][\/vc_tab][vc_tab title=&#8221;Documents&#8221; tab_id=&#8221;1619707522299-2-1&#8243;][vc_btn title=&#8221;Demande pour autorisation (30 novembre 2017)&#8221; style=&#8221;custom&#8221; custom_background=&#8221;#2279b8&#8243; custom_text=&#8221;#ffffff&#8221; align=&#8221;left&#8221; i_align=&#8221;right&#8221; i_icon_fontawesome=&#8221;fas fa-file-pdf&#8221; add_icon=&#8221;true&#8221; link=&#8221;url:https%3A%2F%2Fdelouyamarkakis.com%2Fwp-content%2Fuploads%2F2021%2F04%2Fapple_applicationforauthorization.pdf|title:Contact|target:_blank&#8221;][vc_btn title=&#8221;Jugement sur la Demande pour autorisation (20 mars 2019)&#8221; style=&#8221;custom&#8221; custom_background=&#8221;#2279b8&#8243; custom_text=&#8221;#ffffff&#8221; align=&#8221;left&#8221; i_align=&#8221;right&#8221; i_icon_fontawesome=&#8221;fas fa-file-pdf&#8221; add_icon=&#8221;true&#8221; link=&#8221;url:https%3A%2F%2Fdelouyamarkakis.com%2Fwp-content%2Fuploads%2F2021%2F04%2Fapple_judgement_march20.pdf|title:Contact|target:_blank&#8221;][vc_btn title=&#8221;Demande introductive d\u2019instance amend\u00e9e (27 novembre 2019)&#8221; style=&#8221;custom&#8221; custom_background=&#8221;#2279b8&#8243; custom_text=&#8221;#ffffff&#8221; align=&#8221;left&#8221; i_align=&#8221;right&#8221; i_icon_fontawesome=&#8221;fas fa-file-pdf&#8221; add_icon=&#8221;true&#8221; link=&#8221;url:https%3A%2F%2Fdelouyamarkakis.com%2Fwp-content%2Fuploads%2F2021%2F04%2Fapple_ammendedintroduction.pdf|title:Contact|target:_blank&#8221;][vc_btn title=&#8221;Formulaire d\u2019exclusion&#8221; style=&#8221;custom&#8221; custom_background=&#8221;#2279b8&#8243; custom_text=&#8221;#ffffff&#8221; align=&#8221;left&#8221; i_align=&#8221;right&#8221; i_icon_fontawesome=&#8221;fas fa-file-pdf&#8221; add_icon=&#8221;true&#8221; link=&#8221;url:https%3A%2F%2Fdelouyamarkakis.com%2Fwp-content%2Fuploads%2F2021%2F04%2Fapple_optout.pdf|title:Contact|target:_blank&#8221;][\/vc_tab][vc_tab title=&#8221;Notice to Class Members&#8221; tab_id=&#8221;1619716386779-3-9&#8243;][vc_btn title=&#8221;Avis aux membres (fran\u00e7ais)&#8221; style=&#8221;custom&#8221; custom_background=&#8221;#2279b8&#8243; custom_text=&#8221;#ffffff&#8221; align=&#8221;left&#8221; i_align=&#8221;right&#8221; i_icon_fontawesome=&#8221;fas fa-file-pdf&#8221; add_icon=&#8221;true&#8221; link=&#8221;url:https%3A%2F%2Fdelouyamarkakis.com%2Fwp-content%2Fuploads%2F2021%2F04%2Fapple_avis_fr.pdf|title:Contact|target:_blank&#8221;][vc_btn title=&#8221;Notice to members (anglais)&#8221; style=&#8221;custom&#8221; custom_background=&#8221;#2279b8&#8243; custom_text=&#8221;#ffffff&#8221; align=&#8221;left&#8221; i_align=&#8221;right&#8221; i_icon_fontawesome=&#8221;fas fa-file-pdf&#8221; add_icon=&#8221;true&#8221; link=&#8221;url:https%3A%2F%2Fdelouyamarkakis.com%2Fwp-content%2Fuploads%2F2021%2F04%2Fapple_avis_eng.pdf|title:Contact|target:_blank&#8221;][\/vc_tab][vc_tab title=&#8221;Sign up&#8221; tab_id=&#8221;1619716671151-4-0&#8243;][vc_column_text]<\/p>\n<h3>For the following Group:<\/h3>\n<p>\u00ab All individuals and business entities in Qu\u00e9bec who owned or leased an iPhone SE, 5, 6, 7 and their sub-series (hereinafter collectively referred to as the \u201cSubject iPhones\u201d) and have updated their iPhones to iOS 10 and iOS 11 or later versions of iOS, or any other group to be determined by the Court. \u00bb[\/vc_column_text]\n<div class=\"wpcf7 no-js\" id=\"wpcf7-f321-o1\" lang=\"en-US\" dir=\"ltr\">\n<div class=\"screen-reader-response\"><p role=\"status\" aria-live=\"polite\" aria-atomic=\"true\"><\/p> <ul><\/ul><\/div>\n<form action=\"\/en\/wp-json\/wp\/v2\/pages\/317#wpcf7-f321-o1\" method=\"post\" class=\"wpcf7-form init\" aria-label=\"Contact form\" novalidate=\"novalidate\" data-status=\"init\">\n<div style=\"display: none;\">\n<input type=\"hidden\" name=\"_wpcf7\" value=\"321\" \/>\n<input type=\"hidden\" name=\"_wpcf7_version\" value=\"5.9.3\" \/>\n<input type=\"hidden\" name=\"_wpcf7_locale\" value=\"en_US\" \/>\n<input type=\"hidden\" name=\"_wpcf7_unit_tag\" value=\"wpcf7-f321-o1\" \/>\n<input type=\"hidden\" name=\"_wpcf7_container_post\" value=\"0\" \/>\n<input type=\"hidden\" name=\"_wpcf7_posted_data_hash\" value=\"\" \/>\n<\/div>\n<p><span class=\"wpcf7-form-control-wrap\" data-name=\"your-name\"><input size=\"40\" class=\"wpcf7-form-control wpcf7-text wpcf7-validates-as-required\" aria-required=\"true\" aria-invalid=\"false\" placeholder=\"First Name\" value=\"\" type=\"text\" name=\"your-name\" \/><\/span>\n<\/p>\n<p><span class=\"wpcf7-form-control-wrap\" data-name=\"text-971\"><input size=\"40\" class=\"wpcf7-form-control wpcf7-text wpcf7-validates-as-required\" aria-required=\"true\" aria-invalid=\"false\" placeholder=\"Last Name\" value=\"\" type=\"text\" name=\"text-971\" \/><\/span>\n<\/p>\n<p><span class=\"wpcf7-form-control-wrap\" data-name=\"text-65\"><input size=\"40\" class=\"wpcf7-form-control wpcf7-text wpcf7-validates-as-required\" aria-required=\"true\" aria-invalid=\"false\" placeholder=\"Address\" value=\"\" type=\"text\" name=\"text-65\" \/><\/span>\n<\/p>\n<p><span class=\"wpcf7-form-control-wrap\" data-name=\"your-email\"><input size=\"40\" class=\"wpcf7-form-control wpcf7-email wpcf7-validates-as-required wpcf7-text wpcf7-validates-as-email\" aria-required=\"true\" aria-invalid=\"false\" placeholder=\"Email\" value=\"\" type=\"email\" name=\"your-email\" \/><\/span>\n<\/p>\n<p><span class=\"wpcf7-form-control-wrap\" data-name=\"text-298\"><input size=\"40\" class=\"wpcf7-form-control wpcf7-text wpcf7-validates-as-required\" aria-required=\"true\" aria-invalid=\"false\" placeholder=\"Telephone\" value=\"\" type=\"text\" name=\"text-298\" \/><\/span>\n<\/p>\n<p><span class=\"wpcf7-form-control-wrap\" data-name=\"text-663\"><input size=\"40\" class=\"wpcf7-form-control wpcf7-text wpcf7-validates-as-required\" aria-required=\"true\" aria-invalid=\"false\" placeholder=\"iPhone Model\" value=\"\" type=\"text\" name=\"text-663\" \/><\/span>\n<\/p>\n<p><span class=\"wpcf7-form-control-wrap\" data-name=\"your-message\"><textarea cols=\"40\" rows=\"10\" class=\"wpcf7-form-control wpcf7-textarea\" aria-invalid=\"false\" placeholder=\"Comments\" name=\"your-message\"><\/textarea><\/span>\n<\/p>\n<p><input class=\"wpcf7-form-control wpcf7-submit has-spinner\" type=\"submit\" value=\"Send\" \/>\n<\/p><div class=\"wpcf7-response-output\" aria-hidden=\"true\"><\/div>\n<\/form>\n<\/div>\n[\/vc_tab][\/vc_tour][\/vc_column][\/vc_row][vc_row full_width=&#8221;stretch_row&#8221; bg_type=&#8221;bg_color&#8221; bg_color_value=&#8221;#103762&#8243; css=&#8221;.vc_custom_1619706268304{margin-bottom: -70px !important;padding-top: 50px !important;padding-bottom: 50px !important;}&#8221;][vc_column][vc_column_text]<\/p>\n<div align=\"center\">\n<h1 style=\"color: #ffffff;\">Do you have an idea for a Class Action?<br \/>\nSuggest your proposed recourse!<br \/>\nWe are here for you.<\/h1>\n<\/div>\n<p>[\/vc_column_text][vc_btn title=&#8221;Submit a proposition&#8221; style=&#8221;custom&#8221; custom_background=&#8221;#2279b8&#8243; custom_text=&#8221;#ffffff&#8221; size=&#8221;lg&#8221; align=&#8221;center&#8221; i_align=&#8221;right&#8221; i_icon_fontawesome=&#8221;fas fa-angle-double-right&#8221; add_icon=&#8221;true&#8221; link=&#8221;url:https%3A%2F%2Fdelouyamarkakis.com%2Fen%2Fcontact%2F|title:Contact&#8221;][\/vc_column][\/vc_row]<\/p>\n<\/div>","protected":false},"excerpt":{"rendered":"<p>[vc_row css=&#8221;.vc_custom_1619724334259{padding-bottom: 50px !important;}&#8221;][vc_column][vc_tour interval=&#8221;0&#8243; title_size=&#8221;h4&#8243; style=&#8221;tab-style-two&#8221;][vc_tab title=&#8221;Presentation&#8221; tab_id=&#8221;6c2fac30-c5de-10&#8243;][vc_column_text] This notice concerns a judgment of the Superior Court of Quebec (district of Montreal) dated March 20, 2019, authorizing a Class Action against Apple Inc. and Apple Canada Inc. In this judgment, the Honorable Chantal Corriveau (j.c.s.) defines the group as follows: \u00ab All individuals and&hellip;<\/p>\n","protected":false},"author":3,"featured_media":0,"parent":0,"menu_order":0,"comment_status":"closed","ping_status":"closed","template":"","meta":{"footnotes":""},"class_list":["post-317","page","type-page","status-publish","hentry","description-off"],"yoast_head":"<!-- This site is optimized with the Yoast SEO plugin v22.4 - https:\/\/yoast.com\/wordpress\/plugins\/seo\/ -->\n<title>Simon St Onge c. Apple Inc et Apple Inc. Canada - De Louya Markakis Avocats<\/title>\n<meta name=\"robots\" content=\"index, follow, max-snippet:-1, max-image-preview:large, max-video-preview:-1\" \/>\n<link rel=\"canonical\" href=\"https:\/\/delouyamarkakis.com\/en\/simon-st-onge-c-apple-inc-et-apple-inc-canada\/\" \/>\n<meta property=\"og:locale\" content=\"en_US\" \/>\n<meta property=\"og:type\" content=\"article\" \/>\n<meta property=\"og:title\" content=\"Simon St Onge c. Apple Inc et Apple Inc. Canada - De Louya Markakis Avocats\" \/>\n<meta property=\"og:description\" content=\"[vc_row css=&#8221;.vc_custom_1619724334259{padding-bottom: 50px !important;}&#8221;][vc_column][vc_tour interval=&#8221;0&#8243; title_size=&#8221;h4&#8243; style=&#8221;tab-style-two&#8221;][vc_tab title=&#8221;Presentation&#8221; tab_id=&#8221;6c2fac30-c5de-10&#8243;][vc_column_text] This notice concerns a judgment of the Superior Court of Quebec (district of Montreal) dated March 20, 2019, authorizing a Class Action against Apple Inc. and Apple Canada Inc. In this judgment, the Honorable Chantal Corriveau (j.c.s.) defines the group as follows: \u00ab All individuals and&hellip;\" \/>\n<meta property=\"og:url\" content=\"https:\/\/delouyamarkakis.com\/en\/simon-st-onge-c-apple-inc-et-apple-inc-canada\/\" \/>\n<meta property=\"og:site_name\" content=\"De Louya Markakis Avocats\" \/>\n<meta property=\"article:modified_time\" content=\"2021-05-21T13:45:17+00:00\" \/>\n<meta name=\"twitter:card\" content=\"summary_large_image\" \/>\n<meta name=\"twitter:label1\" content=\"Est. reading time\" \/>\n\t<meta name=\"twitter:data1\" content=\"4 minutes\" \/>\n<script type=\"application\/ld+json\" class=\"yoast-schema-graph\">{\"@context\":\"https:\/\/schema.org\",\"@graph\":[{\"@type\":\"WebPage\",\"@id\":\"https:\/\/delouyamarkakis.com\/en\/simon-st-onge-c-apple-inc-et-apple-inc-canada\/\",\"url\":\"https:\/\/delouyamarkakis.com\/en\/simon-st-onge-c-apple-inc-et-apple-inc-canada\/\",\"name\":\"Simon St Onge c. Apple Inc et Apple Inc. Canada - De Louya Markakis Avocats\",\"isPartOf\":{\"@id\":\"https:\/\/delouyamarkakis.com\/en\/#website\"},\"datePublished\":\"2021-04-29T19:19:57+00:00\",\"dateModified\":\"2021-05-21T13:45:17+00:00\",\"breadcrumb\":{\"@id\":\"https:\/\/delouyamarkakis.com\/en\/simon-st-onge-c-apple-inc-et-apple-inc-canada\/#breadcrumb\"},\"inLanguage\":\"en-US\",\"potentialAction\":[{\"@type\":\"ReadAction\",\"target\":[\"https:\/\/delouyamarkakis.com\/en\/simon-st-onge-c-apple-inc-et-apple-inc-canada\/\"]}]},{\"@type\":\"BreadcrumbList\",\"@id\":\"https:\/\/delouyamarkakis.com\/en\/simon-st-onge-c-apple-inc-et-apple-inc-canada\/#breadcrumb\",\"itemListElement\":[{\"@type\":\"ListItem\",\"position\":1,\"name\":\"Home\",\"item\":\"https:\/\/delouyamarkakis.com\/en\/\"},{\"@type\":\"ListItem\",\"position\":2,\"name\":\"Simon St Onge c. Apple Inc et Apple Inc. Canada\"}]},{\"@type\":\"WebSite\",\"@id\":\"https:\/\/delouyamarkakis.com\/en\/#website\",\"url\":\"https:\/\/delouyamarkakis.com\/en\/\",\"name\":\"De Louya Markakis Avocats\",\"description\":\"Avocats en fiscalit\u00e9, litige civil et commercial\",\"potentialAction\":[{\"@type\":\"SearchAction\",\"target\":{\"@type\":\"EntryPoint\",\"urlTemplate\":\"https:\/\/delouyamarkakis.com\/en\/?s={search_term_string}\"},\"query-input\":\"required name=search_term_string\"}],\"inLanguage\":\"en-US\"}]}<\/script>\n<!-- \/ Yoast SEO plugin. -->","yoast_head_json":{"title":"Simon St Onge c. Apple Inc et Apple Inc. Canada - De Louya Markakis Avocats","robots":{"index":"index","follow":"follow","max-snippet":"max-snippet:-1","max-image-preview":"max-image-preview:large","max-video-preview":"max-video-preview:-1"},"canonical":"https:\/\/delouyamarkakis.com\/en\/simon-st-onge-c-apple-inc-et-apple-inc-canada\/","og_locale":"en_US","og_type":"article","og_title":"Simon St Onge c. Apple Inc et Apple Inc. Canada - De Louya Markakis Avocats","og_description":"[vc_row css=&#8221;.vc_custom_1619724334259{padding-bottom: 50px !important;}&#8221;][vc_column][vc_tour interval=&#8221;0&#8243; title_size=&#8221;h4&#8243; style=&#8221;tab-style-two&#8221;][vc_tab title=&#8221;Presentation&#8221; tab_id=&#8221;6c2fac30-c5de-10&#8243;][vc_column_text] This notice concerns a judgment of the Superior Court of Quebec (district of Montreal) dated March 20, 2019, authorizing a Class Action against Apple Inc. and Apple Canada Inc. In this judgment, the Honorable Chantal Corriveau (j.c.s.) defines the group as follows: \u00ab All individuals and&hellip;","og_url":"https:\/\/delouyamarkakis.com\/en\/simon-st-onge-c-apple-inc-et-apple-inc-canada\/","og_site_name":"De Louya Markakis Avocats","article_modified_time":"2021-05-21T13:45:17+00:00","twitter_card":"summary_large_image","twitter_misc":{"Est. reading time":"4 minutes"},"schema":{"@context":"https:\/\/schema.org","@graph":[{"@type":"WebPage","@id":"https:\/\/delouyamarkakis.com\/en\/simon-st-onge-c-apple-inc-et-apple-inc-canada\/","url":"https:\/\/delouyamarkakis.com\/en\/simon-st-onge-c-apple-inc-et-apple-inc-canada\/","name":"Simon St Onge c. Apple Inc et Apple Inc. Canada - De Louya Markakis Avocats","isPartOf":{"@id":"https:\/\/delouyamarkakis.com\/en\/#website"},"datePublished":"2021-04-29T19:19:57+00:00","dateModified":"2021-05-21T13:45:17+00:00","breadcrumb":{"@id":"https:\/\/delouyamarkakis.com\/en\/simon-st-onge-c-apple-inc-et-apple-inc-canada\/#breadcrumb"},"inLanguage":"en-US","potentialAction":[{"@type":"ReadAction","target":["https:\/\/delouyamarkakis.com\/en\/simon-st-onge-c-apple-inc-et-apple-inc-canada\/"]}]},{"@type":"BreadcrumbList","@id":"https:\/\/delouyamarkakis.com\/en\/simon-st-onge-c-apple-inc-et-apple-inc-canada\/#breadcrumb","itemListElement":[{"@type":"ListItem","position":1,"name":"Home","item":"https:\/\/delouyamarkakis.com\/en\/"},{"@type":"ListItem","position":2,"name":"Simon St Onge c. Apple Inc et Apple Inc. Canada"}]},{"@type":"WebSite","@id":"https:\/\/delouyamarkakis.com\/en\/#website","url":"https:\/\/delouyamarkakis.com\/en\/","name":"De Louya Markakis Avocats","description":"Avocats en fiscalit\u00e9, litige civil et commercial","potentialAction":[{"@type":"SearchAction","target":{"@type":"EntryPoint","urlTemplate":"https:\/\/delouyamarkakis.com\/en\/?s={search_term_string}"},"query-input":"required name=search_term_string"}],"inLanguage":"en-US"}]}},"_links":{"self":[{"href":"https:\/\/delouyamarkakis.com\/en\/wp-json\/wp\/v2\/pages\/317","targetHints":{"allow":["GET"]}}],"collection":[{"href":"https:\/\/delouyamarkakis.com\/en\/wp-json\/wp\/v2\/pages"}],"about":[{"href":"https:\/\/delouyamarkakis.com\/en\/wp-json\/wp\/v2\/types\/page"}],"author":[{"embeddable":true,"href":"https:\/\/delouyamarkakis.com\/en\/wp-json\/wp\/v2\/users\/3"}],"replies":[{"embeddable":true,"href":"https:\/\/delouyamarkakis.com\/en\/wp-json\/wp\/v2\/comments?post=317"}],"version-history":[{"count":4,"href":"https:\/\/delouyamarkakis.com\/en\/wp-json\/wp\/v2\/pages\/317\/revisions"}],"predecessor-version":[{"id":322,"href":"https:\/\/delouyamarkakis.com\/en\/wp-json\/wp\/v2\/pages\/317\/revisions\/322"}],"wp:attachment":[{"href":"https:\/\/delouyamarkakis.com\/en\/wp-json\/wp\/v2\/media?parent=317"}],"curies":[{"name":"wp","href":"https:\/\/api.w.org\/{rel}","templated":true}]}}