{"id":313,"date":"2021-04-29T16:39:46","date_gmt":"2021-04-29T20:39:46","guid":{"rendered":"https:\/\/delouyamarkakis.com\/richard-mclean-c-procureur-generale-du-quebec-and-retraite-quebec\/"},"modified":"2021-05-21T09:35:39","modified_gmt":"2021-05-21T13:35:39","slug":"richard-mclean-c-procureur-generale-du-quebec-and-retraite-quebec","status":"publish","type":"page","link":"https:\/\/delouyamarkakis.com\/en\/richard-mclean-c-procureur-generale-du-quebec-and-retraite-quebec\/","title":{"rendered":"Richard McLean c. Procureur Generale du Quebec and Retraite Qu\u00e9bec"},"content":{"rendered":"<div class=\"wpb-content-wrapper\"><p>[vc_row css=&#8221;.vc_custom_1619724334259{padding-bottom: 50px !important;}&#8221;][vc_column][vc_tour interval=&#8221;0&#8243; title_size=&#8221;h4&#8243; style=&#8221;tab-style-two&#8221;][vc_tab title=&#8221;Presentation&#8221; tab_id=&#8221;6c2fac30-c5de-10&#8243;][vc_column_text]<\/p>\n<h3>This case concerns:<\/h3>\n<p>The unjust imposition by the Government of Quebec and Retraite Quebec of penalties on retirement pensions for disabled people, in the same way they do for people who have decided on their own to take early retirement before the age of 65 years; &#8211; the unconstitutionality of section 120.2 of the Act respecting the Quebec pension plan, which allows this completely abusive and discriminatory practice;<\/p>\n<p><strong>Description of the group targeted by the Collective Action:<\/strong><br \/>\nAll living or deceased persons (through their inheritance) who have received pensions or disability benefits between the age of 60 and 65 and who have been penalized on their retirement pensions paid from the date of age 65, all under section 120.2 of the Act respecting the Qu\u00e9bec Pension Plan;[\/vc_column_text][\/vc_tab][vc_tab title=&#8221;Publications and Media&#8221; tab_id=&#8221;4722b850-e2b0-7&#8243;][vc_column_text]<\/p>\n<p class=\"p1\"><span class=\"s1\"><a href=\"https:\/\/ici.radio-canada.ca\/tele\/la-facture\/site\/segments\/reportage\/343723\/rente-invalidite-65-richard-mclean-handicap-retraite\" target=\"_blank\" rel=\"noopener\">Segment | La facture | ICI Radio-Canada.ca T\u00e9l\u00e9 (radio-canada.ca)<\/a><\/span><\/p>\n<p class=\"p1\"><span class=\"s1\"><a href=\"https:\/\/www.lapresse.ca\/affaires\/finances-personnelles\/2020-05-24\/les-retraites-desindexes-poursuivent-quebec\" target=\"_blank\" rel=\"noopener\">Les retrait\u00e9s d\u00e9sindex\u00e9s poursuivent Qu\u00e9bec | La Presse<\/a><\/span><\/p>\n<p class=\"p1\"><span class=\"s1\"><a href=\"https:\/\/ca.topclassactions.com\/fr\/reglement-de-proces\/nouvelles-sur-les-recours-collectifs-et-les-reglements\/imposition-de-penalite-discriminatoire-a-des-personnes-handicapees-devant-les-tribunaux\/\" target=\"_blank\" rel=\"noopener\">Imposition de p\u00e9nalit\u00e9 discriminatoire \u00e0 des personnes handicap\u00e9es devant les tribunaux | Top Class Actions Canada<\/a><\/span><\/p>\n<p>[\/vc_column_text][\/vc_tab][vc_tab title=&#8221;Documents&#8221; tab_id=&#8221;1619707522299-2-1&#8243;][vc_btn title=&#8221;Demande pour autorisation (17 novembre 2020)&#8221; style=&#8221;custom&#8221; custom_background=&#8221;#2279b8&#8243; custom_text=&#8221;#ffffff&#8221; align=&#8221;left&#8221; i_align=&#8221;right&#8221; i_icon_fontawesome=&#8221;fas fa-file-pdf&#8221; add_icon=&#8221;true&#8221; link=&#8221;url:https%3A%2F%2Fdelouyamarkakis.com%2Fwp-content%2Fuploads%2F2021%2F04%2Fmclean_applicationforauthorization.pdf|title:Contact|target:_blank&#8221;][\/vc_tab][vc_tab title=&#8221;Sign up&#8221; tab_id=&#8221;1619716671151-4-0&#8243;][vc_column_text]<\/p>\n<h3>For the following Group:<\/h3>\n<p>All living or deceased persons (through their inheritance) who have received pensions or disability benefits between the age of 60 and 65 and who have been penalized on their retirement pensions paid from the date of age 65, all under section 120.2 of the Act respecting the Qu\u00e9bec Pension Plan;[\/vc_column_text]\n<div class=\"wpcf7 no-js\" id=\"wpcf7-f307-o1\" lang=\"en-US\" dir=\"ltr\">\n<div class=\"screen-reader-response\"><p role=\"status\" aria-live=\"polite\" aria-atomic=\"true\"><\/p> <ul><\/ul><\/div>\n<form action=\"\/en\/wp-json\/wp\/v2\/pages\/313#wpcf7-f307-o1\" method=\"post\" class=\"wpcf7-form init\" aria-label=\"Contact form\" novalidate=\"novalidate\" data-status=\"init\">\n<div style=\"display: none;\">\n<input type=\"hidden\" name=\"_wpcf7\" value=\"307\" \/>\n<input type=\"hidden\" name=\"_wpcf7_version\" value=\"5.9.3\" \/>\n<input type=\"hidden\" name=\"_wpcf7_locale\" value=\"en_US\" \/>\n<input type=\"hidden\" name=\"_wpcf7_unit_tag\" value=\"wpcf7-f307-o1\" \/>\n<input type=\"hidden\" name=\"_wpcf7_container_post\" value=\"0\" \/>\n<input type=\"hidden\" name=\"_wpcf7_posted_data_hash\" value=\"\" \/>\n<\/div>\n<p><span class=\"wpcf7-form-control-wrap\" data-name=\"your-name\"><input size=\"40\" class=\"wpcf7-form-control wpcf7-text wpcf7-validates-as-required\" aria-required=\"true\" aria-invalid=\"false\" placeholder=\"First Name\" value=\"\" type=\"text\" name=\"your-name\" \/><\/span>\n<\/p>\n<p><span class=\"wpcf7-form-control-wrap\" data-name=\"text-971\"><input size=\"40\" class=\"wpcf7-form-control wpcf7-text wpcf7-validates-as-required\" aria-required=\"true\" aria-invalid=\"false\" placeholder=\"Last Name\" value=\"\" type=\"text\" name=\"text-971\" \/><\/span>\n<\/p>\n<p><span class=\"wpcf7-form-control-wrap\" data-name=\"text-65\"><input size=\"40\" class=\"wpcf7-form-control wpcf7-text wpcf7-validates-as-required\" aria-required=\"true\" aria-invalid=\"false\" placeholder=\"Address\" value=\"\" type=\"text\" name=\"text-65\" \/><\/span>\n<\/p>\n<p><span class=\"wpcf7-form-control-wrap\" data-name=\"your-email\"><input size=\"40\" class=\"wpcf7-form-control wpcf7-email wpcf7-validates-as-required wpcf7-text wpcf7-validates-as-email\" aria-required=\"true\" aria-invalid=\"false\" placeholder=\"Email\" value=\"\" type=\"email\" name=\"your-email\" \/><\/span>\n<\/p>\n<p><span class=\"wpcf7-form-control-wrap\" data-name=\"text-298\"><input size=\"40\" class=\"wpcf7-form-control wpcf7-text wpcf7-validates-as-required\" aria-required=\"true\" aria-invalid=\"false\" placeholder=\"Telephone number\" value=\"\" type=\"text\" name=\"text-298\" \/><\/span>\n<\/p>\n<p><span class=\"wpcf7-form-control-wrap\" data-name=\"your-message\"><textarea cols=\"40\" rows=\"10\" class=\"wpcf7-form-control wpcf7-textarea\" aria-invalid=\"false\" placeholder=\"Comments\" name=\"your-message\"><\/textarea><\/span>\n<\/p>\n<p><input class=\"wpcf7-form-control wpcf7-submit has-spinner\" type=\"submit\" value=\"Send\" \/>\n<\/p><div class=\"wpcf7-response-output\" aria-hidden=\"true\"><\/div>\n<\/form>\n<\/div>\n[\/vc_tab][\/vc_tour][\/vc_column][\/vc_row][vc_row full_width=&#8221;stretch_row&#8221; bg_type=&#8221;bg_color&#8221; bg_color_value=&#8221;#103762&#8243; css=&#8221;.vc_custom_1619706268304{margin-bottom: -70px !important;padding-top: 50px !important;padding-bottom: 50px !important;}&#8221;][vc_column][vc_column_text]<\/p>\n<div align=\"center\">\n<h1 style=\"color: #ffffff;\">Do you have an idea for a Class Action?<br \/>\nSuggest your proposed recourse!<br \/>\nWe are here for you.<\/h1>\n<\/div>\n<p>[\/vc_column_text][vc_btn title=&#8221;Submit a proposition&#8221; style=&#8221;custom&#8221; custom_background=&#8221;#2279b8&#8243; custom_text=&#8221;#ffffff&#8221; size=&#8221;lg&#8221; align=&#8221;center&#8221; i_align=&#8221;right&#8221; i_icon_fontawesome=&#8221;fas fa-angle-double-right&#8221; add_icon=&#8221;true&#8221; link=&#8221;url:https%3A%2F%2Fdelouyamarkakis.com%2Fen%2Fcontact%2F|title:Contact&#8221;][\/vc_column][\/vc_row]<\/p>\n<\/div>","protected":false},"excerpt":{"rendered":"<p>[vc_row css=&#8221;.vc_custom_1619724334259{padding-bottom: 50px !important;}&#8221;][vc_column][vc_tour interval=&#8221;0&#8243; title_size=&#8221;h4&#8243; style=&#8221;tab-style-two&#8221;][vc_tab title=&#8221;Presentation&#8221; tab_id=&#8221;6c2fac30-c5de-10&#8243;][vc_column_text] This case concerns: The unjust imposition by the Government of Quebec and Retraite Quebec of penalties on retirement pensions for disabled people, in the same way they do for people who have decided on their own to take early retirement before the age of 65 years;&hellip;<\/p>\n","protected":false},"author":3,"featured_media":0,"parent":0,"menu_order":0,"comment_status":"closed","ping_status":"closed","template":"","meta":{"footnotes":""},"class_list":["post-313","page","type-page","status-publish","hentry","description-off"],"yoast_head":"<!-- This site is optimized with the Yoast SEO plugin v22.4 - https:\/\/yoast.com\/wordpress\/plugins\/seo\/ -->\n<title>Richard McLean c. Procureur Generale du Quebec and Retraite Qu\u00e9bec - De Louya Markakis Avocats<\/title>\n<meta name=\"robots\" content=\"index, follow, max-snippet:-1, max-image-preview:large, max-video-preview:-1\" \/>\n<link rel=\"canonical\" href=\"https:\/\/delouyamarkakis.com\/en\/richard-mclean-c-procureur-generale-du-quebec-and-retraite-quebec\/\" \/>\n<meta property=\"og:locale\" content=\"en_US\" \/>\n<meta property=\"og:type\" content=\"article\" \/>\n<meta property=\"og:title\" content=\"Richard McLean c. Procureur Generale du Quebec and Retraite Qu\u00e9bec - De Louya Markakis Avocats\" \/>\n<meta property=\"og:description\" content=\"[vc_row css=&#8221;.vc_custom_1619724334259{padding-bottom: 50px !important;}&#8221;][vc_column][vc_tour interval=&#8221;0&#8243; title_size=&#8221;h4&#8243; style=&#8221;tab-style-two&#8221;][vc_tab title=&#8221;Presentation&#8221; tab_id=&#8221;6c2fac30-c5de-10&#8243;][vc_column_text] This case concerns: The unjust imposition by the Government of Quebec and Retraite Quebec of penalties on retirement pensions for disabled people, in the same way they do for people who have decided on their own to take early retirement before the age of 65 years;&hellip;\" \/>\n<meta property=\"og:url\" content=\"https:\/\/delouyamarkakis.com\/en\/richard-mclean-c-procureur-generale-du-quebec-and-retraite-quebec\/\" \/>\n<meta property=\"og:site_name\" content=\"De Louya Markakis Avocats\" \/>\n<meta property=\"article:modified_time\" content=\"2021-05-21T13:35:39+00:00\" \/>\n<meta name=\"twitter:card\" content=\"summary_large_image\" \/>\n<meta name=\"twitter:label1\" content=\"Est. reading time\" \/>\n\t<meta name=\"twitter:data1\" content=\"2 minutes\" \/>\n<script type=\"application\/ld+json\" class=\"yoast-schema-graph\">{\"@context\":\"https:\/\/schema.org\",\"@graph\":[{\"@type\":\"WebPage\",\"@id\":\"https:\/\/delouyamarkakis.com\/en\/richard-mclean-c-procureur-generale-du-quebec-and-retraite-quebec\/\",\"url\":\"https:\/\/delouyamarkakis.com\/en\/richard-mclean-c-procureur-generale-du-quebec-and-retraite-quebec\/\",\"name\":\"Richard McLean c. Procureur Generale du Quebec and Retraite Qu\u00e9bec - De Louya Markakis Avocats\",\"isPartOf\":{\"@id\":\"https:\/\/delouyamarkakis.com\/en\/#website\"},\"datePublished\":\"2021-04-29T20:39:46+00:00\",\"dateModified\":\"2021-05-21T13:35:39+00:00\",\"breadcrumb\":{\"@id\":\"https:\/\/delouyamarkakis.com\/en\/richard-mclean-c-procureur-generale-du-quebec-and-retraite-quebec\/#breadcrumb\"},\"inLanguage\":\"en-US\",\"potentialAction\":[{\"@type\":\"ReadAction\",\"target\":[\"https:\/\/delouyamarkakis.com\/en\/richard-mclean-c-procureur-generale-du-quebec-and-retraite-quebec\/\"]}]},{\"@type\":\"BreadcrumbList\",\"@id\":\"https:\/\/delouyamarkakis.com\/en\/richard-mclean-c-procureur-generale-du-quebec-and-retraite-quebec\/#breadcrumb\",\"itemListElement\":[{\"@type\":\"ListItem\",\"position\":1,\"name\":\"Home\",\"item\":\"https:\/\/delouyamarkakis.com\/en\/\"},{\"@type\":\"ListItem\",\"position\":2,\"name\":\"Richard McLean c. Procureur Generale du Quebec and Retraite Qu\u00e9bec\"}]},{\"@type\":\"WebSite\",\"@id\":\"https:\/\/delouyamarkakis.com\/en\/#website\",\"url\":\"https:\/\/delouyamarkakis.com\/en\/\",\"name\":\"De Louya Markakis Avocats\",\"description\":\"Avocats en fiscalit\u00e9, litige civil et commercial\",\"potentialAction\":[{\"@type\":\"SearchAction\",\"target\":{\"@type\":\"EntryPoint\",\"urlTemplate\":\"https:\/\/delouyamarkakis.com\/en\/?s={search_term_string}\"},\"query-input\":\"required name=search_term_string\"}],\"inLanguage\":\"en-US\"}]}<\/script>\n<!-- \/ Yoast SEO plugin. -->","yoast_head_json":{"title":"Richard McLean c. Procureur Generale du Quebec and Retraite Qu\u00e9bec - De Louya Markakis Avocats","robots":{"index":"index","follow":"follow","max-snippet":"max-snippet:-1","max-image-preview":"max-image-preview:large","max-video-preview":"max-video-preview:-1"},"canonical":"https:\/\/delouyamarkakis.com\/en\/richard-mclean-c-procureur-generale-du-quebec-and-retraite-quebec\/","og_locale":"en_US","og_type":"article","og_title":"Richard McLean c. Procureur Generale du Quebec and Retraite Qu\u00e9bec - De Louya Markakis Avocats","og_description":"[vc_row css=&#8221;.vc_custom_1619724334259{padding-bottom: 50px !important;}&#8221;][vc_column][vc_tour interval=&#8221;0&#8243; title_size=&#8221;h4&#8243; style=&#8221;tab-style-two&#8221;][vc_tab title=&#8221;Presentation&#8221; tab_id=&#8221;6c2fac30-c5de-10&#8243;][vc_column_text] This case concerns: The unjust imposition by the Government of Quebec and Retraite Quebec of penalties on retirement pensions for disabled people, in the same way they do for people who have decided on their own to take early retirement before the age of 65 years;&hellip;","og_url":"https:\/\/delouyamarkakis.com\/en\/richard-mclean-c-procureur-generale-du-quebec-and-retraite-quebec\/","og_site_name":"De Louya Markakis Avocats","article_modified_time":"2021-05-21T13:35:39+00:00","twitter_card":"summary_large_image","twitter_misc":{"Est. reading time":"2 minutes"},"schema":{"@context":"https:\/\/schema.org","@graph":[{"@type":"WebPage","@id":"https:\/\/delouyamarkakis.com\/en\/richard-mclean-c-procureur-generale-du-quebec-and-retraite-quebec\/","url":"https:\/\/delouyamarkakis.com\/en\/richard-mclean-c-procureur-generale-du-quebec-and-retraite-quebec\/","name":"Richard McLean c. Procureur Generale du Quebec and Retraite Qu\u00e9bec - De Louya Markakis Avocats","isPartOf":{"@id":"https:\/\/delouyamarkakis.com\/en\/#website"},"datePublished":"2021-04-29T20:39:46+00:00","dateModified":"2021-05-21T13:35:39+00:00","breadcrumb":{"@id":"https:\/\/delouyamarkakis.com\/en\/richard-mclean-c-procureur-generale-du-quebec-and-retraite-quebec\/#breadcrumb"},"inLanguage":"en-US","potentialAction":[{"@type":"ReadAction","target":["https:\/\/delouyamarkakis.com\/en\/richard-mclean-c-procureur-generale-du-quebec-and-retraite-quebec\/"]}]},{"@type":"BreadcrumbList","@id":"https:\/\/delouyamarkakis.com\/en\/richard-mclean-c-procureur-generale-du-quebec-and-retraite-quebec\/#breadcrumb","itemListElement":[{"@type":"ListItem","position":1,"name":"Home","item":"https:\/\/delouyamarkakis.com\/en\/"},{"@type":"ListItem","position":2,"name":"Richard McLean c. Procureur Generale du Quebec and Retraite Qu\u00e9bec"}]},{"@type":"WebSite","@id":"https:\/\/delouyamarkakis.com\/en\/#website","url":"https:\/\/delouyamarkakis.com\/en\/","name":"De Louya Markakis Avocats","description":"Avocats en fiscalit\u00e9, litige civil et commercial","potentialAction":[{"@type":"SearchAction","target":{"@type":"EntryPoint","urlTemplate":"https:\/\/delouyamarkakis.com\/en\/?s={search_term_string}"},"query-input":"required name=search_term_string"}],"inLanguage":"en-US"}]}},"_links":{"self":[{"href":"https:\/\/delouyamarkakis.com\/en\/wp-json\/wp\/v2\/pages\/313","targetHints":{"allow":["GET"]}}],"collection":[{"href":"https:\/\/delouyamarkakis.com\/en\/wp-json\/wp\/v2\/pages"}],"about":[{"href":"https:\/\/delouyamarkakis.com\/en\/wp-json\/wp\/v2\/types\/page"}],"author":[{"embeddable":true,"href":"https:\/\/delouyamarkakis.com\/en\/wp-json\/wp\/v2\/users\/3"}],"replies":[{"embeddable":true,"href":"https:\/\/delouyamarkakis.com\/en\/wp-json\/wp\/v2\/comments?post=313"}],"version-history":[{"count":3,"href":"https:\/\/delouyamarkakis.com\/en\/wp-json\/wp\/v2\/pages\/313\/revisions"}],"predecessor-version":[{"id":316,"href":"https:\/\/delouyamarkakis.com\/en\/wp-json\/wp\/v2\/pages\/313\/revisions\/316"}],"wp:attachment":[{"href":"https:\/\/delouyamarkakis.com\/en\/wp-json\/wp\/v2\/media?parent=313"}],"curies":[{"name":"wp","href":"https:\/\/api.w.org\/{rel}","templated":true}]}}