{"id":299,"date":"2021-04-29T09:46:48","date_gmt":"2021-04-29T13:46:48","guid":{"rendered":"https:\/\/delouyamarkakis.com\/actions-collectives\/"},"modified":"2021-12-02T09:23:13","modified_gmt":"2021-12-02T14:23:13","slug":"class-actions","status":"publish","type":"page","link":"https:\/\/delouyamarkakis.com\/en\/class-actions\/","title":{"rendered":"Class Actions"},"content":{"rendered":"<div class=\"wpb-content-wrapper\"><p>[vc_row full_width=&#8221;stretch_row&#8221; css=&#8221;.vc_custom_1619704265356{margin-top: -70px !important;}&#8221;][vc_column]\n\t\t\t<!-- START Class Actions 2 REVOLUTION SLIDER 6.7.2 --><p class=\"rs-p-wp-fix\"><\/p>\n\t\t\t<rs-module-wrap id=\"rev_slider_8_1_wrapper\" data-source=\"gallery\" style=\"visibility:hidden;background:transparent;padding:0;margin:0px auto;margin-top:0;margin-bottom:0;\">\n\t\t\t\t<rs-module id=\"rev_slider_8_1\" style=\"\" data-version=\"6.7.2\">\n\t\t\t\t\t<rs-slides style=\"overflow: hidden; position: absolute;\">\n\t\t\t\t\t\t<rs-slide style=\"position: absolute;\" data-key=\"rs-8\" data-title=\"Slide\" data-anim=\"adpr:false;\" data-in=\"o:0;\" data-out=\"a:false;\">\n\t\t\t\t\t\t\t<img decoding=\"async\" src=\"\/\/delouyamarkakis.com\/wp-content\/plugins\/revslider\/sr6\/assets\/assets\/dummy.png\" alt=\"\" title=\"Palais-de-Justice-BG\" width=\"2000\" height=\"400\" class=\"rev-slidebg tp-rs-img rs-lazyload\" data-lazyload=\"\/\/delouyamarkakis.com\/wp-content\/uploads\/2021\/04\/Palais-de-Justice-BG.jpg\" data-no-retina>\n<!--\n\t\t\t\t\t\t\t--><rs-layer\n\t\t\t\t\t\t\t\tid=\"slider-8-slide-8-layer-0\" \n\t\t\t\t\t\t\t\tdata-type=\"shape\"\n\t\t\t\t\t\t\t\tdata-rsp_ch=\"on\"\n\t\t\t\t\t\t\t\tdata-xy=\"x:c;y:c;\"\n\t\t\t\t\t\t\t\tdata-text=\"w:normal;\"\n\t\t\t\t\t\t\t\tdata-dim=\"w:2000px;h:400px;\"\n\t\t\t\t\t\t\t\tdata-frame_999=\"o:0;st:w;\"\n\t\t\t\t\t\t\t\tstyle=\"z-index:5;background-color:rgba(0,0,0,0.5);\"\n\t\t\t\t\t\t\t> \n\t\t\t\t\t\t\t<\/rs-layer><!--\n\n\t\t\t\t\t\t\t--><rs-layer\n\t\t\t\t\t\t\t\tid=\"slider-8-slide-8-layer-1\" \n\t\t\t\t\t\t\t\tdata-type=\"text\"\n\t\t\t\t\t\t\t\tdata-color=\"#ffffff\"\n\t\t\t\t\t\t\t\tdata-rsp_ch=\"on\"\n\t\t\t\t\t\t\t\tdata-xy=\"x:c;y:c;\"\n\t\t\t\t\t\t\t\tdata-text=\"w:normal;s:65;l:65;fw:600;a:center;\"\n\t\t\t\t\t\t\t\tdata-dim=\"w:896px;\"\n\t\t\t\t\t\t\t\tdata-frame_999=\"o:0;st:w;\"\n\t\t\t\t\t\t\t\tstyle=\"z-index:6;font-family:'Montserrat';\"\n\t\t\t\t\t\t\t>Do you qualify for one of our Class Actions? \n\t\t\t\t\t\t\t<\/rs-layer><!--\n-->\t\t\t\t\t<\/rs-slide>\n\t\t\t\t\t<\/rs-slides>\n\t\t\t\t<\/rs-module>\n\t\t\t\t<script>\n\t\t\t\t\tsetREVStartSize({c: 'rev_slider_8_1',rl:[1240,1024,778,480],el:[400],gw:[2000],gh:[400],type:'standard',justify:'',layout:'fullwidth',mh:\"0\"});if (window.RS_MODULES!==undefined && window.RS_MODULES.modules!==undefined && window.RS_MODULES.modules[\"revslider81\"]!==undefined) {window.RS_MODULES.modules[\"revslider81\"].once = false;window.revapi8 = undefined;if (window.RS_MODULES.checkMinimal!==undefined) window.RS_MODULES.checkMinimal()}\n\t\t\t\t<\/script>\n\t\t\t<\/rs-module-wrap>\n\t\t\t<!-- END REVOLUTION SLIDER -->\n[\/vc_column][\/vc_row][vc_row css=&#8221;.vc_custom_1619705376192{padding-top: 30px !important;}&#8221;][vc_column][vc_column_text]It all started in November of 2017 when we were the first in the world to launch a Class Action lawsuit against tech giant APPLE. Since then, hundreds of other class actions have followed our lead and have been successful in obtaining hundreds of millions of dollars in compensation for their class members.<\/p>\n<p>As many of our friends this field of practice never fail to remind us, we have hit a home run thanks to in our first Class Action! We are proud to have since instituted several other Class Actions aimed at obtaining fair and equitable indemnification for our many members. [\/vc_column_text][\/vc_column][\/vc_row][vc_row full_width=&#8221;stretch_row&#8221; gap=&#8221;30&#8243; equal_height=&#8221;yes&#8221; bg_type=&#8221;bg_color&#8221; bg_color_value=&#8221;#e5e5e5&#8243; css=&#8221;.vc_custom_1619705850812{padding-top: 50px !important;}&#8221;][vc_column width=&#8221;1\/2&#8243; css=&#8221;.vc_custom_1619705132933{padding-right: 30px !important;padding-bottom: 30px !important;padding-left: 30px !important;background-color: #ffffff !important;border-radius: 20px !important;}&#8221;][vc_column_text css=&#8221;.vc_custom_1621602734932{margin-bottom: 10px !important;}&#8221;]<\/p>\n<h3>Simon St Onge v. Apple Inc and Apple Inc. Canada<\/h3>\n<p>[\/vc_column_text][vc_separator color=&#8221;custom&#8221; align=&#8221;align_left&#8221; border_width=&#8221;2&#8243; accent_color=&#8221;#2279b8&#8243; css=&#8221;.vc_custom_1619705086286{padding-top: 30px !important;}&#8221;][vc_column_text css=&#8221;.vc_custom_1621602754732{margin-bottom: 20px !important;}&#8221;]<\/p>\n<h4>Description of the Class Members of this Class Action:<\/h4>\n<p>\u00ab All individuals and business entities in Qu\u00e9bec who owned or leased an iPhone SE, 5, 6, 7 and their sub-series (hereinafter collectively referred to as the \u201cSubject iPhones\u201d) and have updated their iPhones to iOS 10 and iOS 11 or later versions of iOS, or any other group to be determined by the Court. \u00bb[\/vc_column_text][vc_btn title=&#8221;Learn more&#8221; style=&#8221;custom&#8221; custom_background=&#8221;#2279b8&#8243; custom_text=&#8221;#ffffff&#8221; align=&#8221;left&#8221; i_align=&#8221;right&#8221; i_icon_fontawesome=&#8221;fas fa-angle-double-right&#8221; add_icon=&#8221;true&#8221; link=&#8221;url:https%3A%2F%2Fdelouyamarkakis.com%2Fen%2Fsimon-st-onge-c-apple-inc-et-apple-inc-canada%2F|title:Simon%20St%20Onge%20c.%20Apple%20Inc%20et%20Apple%20Inc.%20Canada&#8221;][\/vc_column][vc_column width=&#8221;1\/2&#8243; css=&#8221;.vc_custom_1619705231360{padding-right: 30px !important;padding-bottom: 30px !important;padding-left: 30px !important;background-color: #ffffff !important;border-radius: 20px !important;}&#8221;][vc_column_text css=&#8221;.vc_custom_1621602799373{margin-bottom: 10px !important;}&#8221;]<\/p>\n<h3>Anne Marie G\u00e9linas et Isabel G\u00e9linas c. Procureur G\u00e9n\u00e9ral du Qu\u00e9bec<\/h3>\n<p>[\/vc_column_text][vc_separator color=&#8221;custom&#8221; align=&#8221;align_left&#8221; border_width=&#8221;2&#8243; accent_color=&#8221;#2279b8&#8243; css=&#8221;.vc_custom_1619705086286{padding-top: 30px !important;}&#8221;][vc_column_text css=&#8221;.vc_custom_1621602821896{margin-bottom: 20px !important;}&#8221;]<\/p>\n<h4>This Class Action concerns\u00a0:<\/h4>\n<p>The nature of the Class Action aims mainly to ask the DEFENDANTS for an account and damages according to the following actions and breaches: &#8211; Obtaining from the CNESST and this, on behalf of the CLAIMS and MEMBERS OF THE GROUP, of &#8221; excess and unreported indemnities from US companies that have manufactured and sold asbestos-based products and various funds and trusts set up for this purpose for asbestos-related injuries;[\/vc_column_text][vc_btn title=&#8221;Learn more&#8221; style=&#8221;custom&#8221; custom_background=&#8221;#2279b8&#8243; custom_text=&#8221;#ffffff&#8221; align=&#8221;left&#8221; i_align=&#8221;right&#8221; i_icon_fontawesome=&#8221;fas fa-angle-double-right&#8221; add_icon=&#8221;true&#8221; link=&#8221;url:https%3A%2F%2Fdelouyamarkakis.com%2Fen%2Fanne-marie-gelinas-and-isabel-gelinas-c-procureur-general-du-quebec%2F|title:Anne%20Marie%20Gelinas%20and%20Isabel%20Gelinas%20c.%20Procureur%20G%C3%A9n%C3%A9ral%20du%20Qu%C3%A9bec&#8221;][\/vc_column][\/vc_row][vc_row full_width=&#8221;stretch_row&#8221; gap=&#8221;30&#8243; equal_height=&#8221;yes&#8221; bg_type=&#8221;bg_color&#8221; bg_color_value=&#8221;#e5e5e5&#8243; css=&#8221;.vc_custom_1619705861825{padding-bottom: 50px !important;}&#8221;][vc_column width=&#8221;1\/2&#8243; css=&#8221;.vc_custom_1619705231360{padding-right: 30px !important;padding-bottom: 30px !important;padding-left: 30px !important;background-color: #ffffff !important;border-radius: 20px !important;}&#8221;][vc_column_text css=&#8221;.vc_custom_1619705628586{margin-bottom: 10px !important;}&#8221;]<\/p>\n<h3>Richard McLean c. Procureur G\u00e9n\u00e9ral du Qu\u00e9bec et Retraite Qu\u00e9bec<\/h3>\n<p>[\/vc_column_text][vc_separator color=&#8221;custom&#8221; align=&#8221;align_left&#8221; border_width=&#8221;2&#8243; accent_color=&#8221;#2279b8&#8243; css=&#8221;.vc_custom_1619705086286{padding-top: 30px !important;}&#8221;][vc_column_text css=&#8221;.vc_custom_1621602952736{margin-bottom: 20px !important;}&#8221;]<\/p>\n<h4>This case concerns\u00a0:<\/h4>\n<p>The unjust imposition by the Government of Quebec and Retraite Quebec of penalties on retirement pensions for disabled people, in the same way they do for people who have decided on their own to take early retirement before the age of 65 years; &#8211; the unconstitutionality of section 120.2 of the Act respecting the Quebec pension plan, which allows this completely abusive and discriminatory practice;[\/vc_column_text][vc_btn title=&#8221;Learn more&#8221; style=&#8221;custom&#8221; custom_background=&#8221;#2279b8&#8243; custom_text=&#8221;#ffffff&#8221; align=&#8221;left&#8221; i_align=&#8221;right&#8221; i_icon_fontawesome=&#8221;fas fa-angle-double-right&#8221; add_icon=&#8221;true&#8221; link=&#8221;url:https%3A%2F%2Fdelouyamarkakis.com%2Fen%2Frichard-mclean-c-procureur-generale-du-quebec-and-retraite-quebec%2F|title:Richard%20McLean%20c.%20Procureur%20Generale%20du%20Quebec%20and%20Retraite%20Qu%C3%A9bec&#8221;][\/vc_column][vc_column width=&#8221;1\/2&#8243; css=&#8221;.vc_custom_1619705132933{padding-right: 30px !important;padding-bottom: 30px !important;padding-left: 30px !important;background-color: #ffffff !important;border-radius: 20px !important;}&#8221;][\/vc_column][\/vc_row][vc_row full_width=&#8221;stretch_row&#8221; bg_type=&#8221;bg_color&#8221; bg_color_value=&#8221;#103762&#8243; css=&#8221;.vc_custom_1619706268304{margin-bottom: -70px !important;padding-top: 50px !important;padding-bottom: 50px !important;}&#8221;][vc_column][vc_column_text]<\/p>\n<div align=\"center\">\n<h1 style=\"color: #ffffff;\">Do you have questions about Class Actions, the process, and how they work?<\/h1>\n<\/div>\n<p>[\/vc_column_text][vc_btn title=&#8221;Consult our FAQ&#8221; style=&#8221;custom&#8221; custom_background=&#8221;#2279b8&#8243; custom_text=&#8221;#ffffff&#8221; size=&#8221;lg&#8221; align=&#8221;center&#8221; i_align=&#8221;right&#8221; i_icon_fontawesome=&#8221;fas fa-angle-double-right&#8221; add_icon=&#8221;true&#8221; link=&#8221;url:https%3A%2F%2Fdelouyamarkakis.com%2Fen%2Ffrequently-asked-questions|title:Foire%20aux%20questions&#8221;][\/vc_column][\/vc_row]<\/p>\n<\/div>","protected":false},"excerpt":{"rendered":"<p>[vc_row full_width=&#8221;stretch_row&#8221; css=&#8221;.vc_custom_1619704265356{margin-top: -70px !important;}&#8221;][vc_column][\/vc_column][\/vc_row][vc_row css=&#8221;.vc_custom_1619705376192{padding-top: 30px !important;}&#8221;][vc_column][vc_column_text]It all started in November of 2017 when we were the first in the world to launch a Class Action lawsuit against tech giant APPLE. Since then, hundreds of other class actions have followed our lead and have been successful in obtaining hundreds of millions of dollars in&hellip;<\/p>\n","protected":false},"author":3,"featured_media":0,"parent":0,"menu_order":0,"comment_status":"closed","ping_status":"closed","template":"","meta":{"footnotes":""},"class_list":["post-299","page","type-page","status-publish","hentry","description-off"],"yoast_head":"<!-- This site is optimized with the Yoast SEO plugin v22.4 - https:\/\/yoast.com\/wordpress\/plugins\/seo\/ -->\n<title>Class Actions - De Louya Markakis Avocats<\/title>\n<meta name=\"description\" content=\"A class action is a way to ask the court for compensation or repayment for a problem that affects a large number of people.\" \/>\n<meta name=\"robots\" content=\"index, follow, max-snippet:-1, max-image-preview:large, max-video-preview:-1\" \/>\n<link rel=\"canonical\" href=\"https:\/\/delouyamarkakis.com\/en\/class-actions\/\" \/>\n<meta property=\"og:locale\" content=\"en_US\" \/>\n<meta property=\"og:type\" content=\"article\" \/>\n<meta property=\"og:title\" content=\"Class Actions - De Louya Markakis Avocats\" \/>\n<meta property=\"og:description\" content=\"A class action is a way to ask the court for compensation or repayment for a problem that affects a large number of people.\" \/>\n<meta property=\"og:url\" content=\"https:\/\/delouyamarkakis.com\/en\/class-actions\/\" \/>\n<meta property=\"og:site_name\" content=\"De Louya Markakis Avocats\" \/>\n<meta property=\"article:modified_time\" content=\"2021-12-02T14:23:13+00:00\" \/>\n<meta name=\"twitter:card\" content=\"summary_large_image\" \/>\n<meta name=\"twitter:label1\" content=\"Est. reading time\" \/>\n\t<meta name=\"twitter:data1\" content=\"3 minutes\" \/>\n<script type=\"application\/ld+json\" class=\"yoast-schema-graph\">{\"@context\":\"https:\/\/schema.org\",\"@graph\":[{\"@type\":\"WebPage\",\"@id\":\"https:\/\/delouyamarkakis.com\/en\/class-actions\/\",\"url\":\"https:\/\/delouyamarkakis.com\/en\/class-actions\/\",\"name\":\"Class Actions - De Louya Markakis Avocats\",\"isPartOf\":{\"@id\":\"https:\/\/delouyamarkakis.com\/en\/#website\"},\"datePublished\":\"2021-04-29T13:46:48+00:00\",\"dateModified\":\"2021-12-02T14:23:13+00:00\",\"description\":\"A class action is a way to ask the court for compensation or repayment for a problem that affects a large number of people.\",\"breadcrumb\":{\"@id\":\"https:\/\/delouyamarkakis.com\/en\/class-actions\/#breadcrumb\"},\"inLanguage\":\"en-US\",\"potentialAction\":[{\"@type\":\"ReadAction\",\"target\":[\"https:\/\/delouyamarkakis.com\/en\/class-actions\/\"]}]},{\"@type\":\"BreadcrumbList\",\"@id\":\"https:\/\/delouyamarkakis.com\/en\/class-actions\/#breadcrumb\",\"itemListElement\":[{\"@type\":\"ListItem\",\"position\":1,\"name\":\"Home\",\"item\":\"https:\/\/delouyamarkakis.com\/en\/\"},{\"@type\":\"ListItem\",\"position\":2,\"name\":\"Class Actions\"}]},{\"@type\":\"WebSite\",\"@id\":\"https:\/\/delouyamarkakis.com\/en\/#website\",\"url\":\"https:\/\/delouyamarkakis.com\/en\/\",\"name\":\"De Louya Markakis Avocats\",\"description\":\"Avocats en fiscalit\u00e9, litige civil et commercial\",\"potentialAction\":[{\"@type\":\"SearchAction\",\"target\":{\"@type\":\"EntryPoint\",\"urlTemplate\":\"https:\/\/delouyamarkakis.com\/en\/?s={search_term_string}\"},\"query-input\":\"required name=search_term_string\"}],\"inLanguage\":\"en-US\"}]}<\/script>\n<!-- \/ Yoast SEO plugin. -->","yoast_head_json":{"title":"Class Actions - De Louya Markakis Avocats","description":"A class action is a way to ask the court for compensation or repayment for a problem that affects a large number of people.","robots":{"index":"index","follow":"follow","max-snippet":"max-snippet:-1","max-image-preview":"max-image-preview:large","max-video-preview":"max-video-preview:-1"},"canonical":"https:\/\/delouyamarkakis.com\/en\/class-actions\/","og_locale":"en_US","og_type":"article","og_title":"Class Actions - De Louya Markakis Avocats","og_description":"A class action is a way to ask the court for compensation or repayment for a problem that affects a large number of people.","og_url":"https:\/\/delouyamarkakis.com\/en\/class-actions\/","og_site_name":"De Louya Markakis Avocats","article_modified_time":"2021-12-02T14:23:13+00:00","twitter_card":"summary_large_image","twitter_misc":{"Est. reading time":"3 minutes"},"schema":{"@context":"https:\/\/schema.org","@graph":[{"@type":"WebPage","@id":"https:\/\/delouyamarkakis.com\/en\/class-actions\/","url":"https:\/\/delouyamarkakis.com\/en\/class-actions\/","name":"Class Actions - De Louya Markakis Avocats","isPartOf":{"@id":"https:\/\/delouyamarkakis.com\/en\/#website"},"datePublished":"2021-04-29T13:46:48+00:00","dateModified":"2021-12-02T14:23:13+00:00","description":"A class action is a way to ask the court for compensation or repayment for a problem that affects a large number of people.","breadcrumb":{"@id":"https:\/\/delouyamarkakis.com\/en\/class-actions\/#breadcrumb"},"inLanguage":"en-US","potentialAction":[{"@type":"ReadAction","target":["https:\/\/delouyamarkakis.com\/en\/class-actions\/"]}]},{"@type":"BreadcrumbList","@id":"https:\/\/delouyamarkakis.com\/en\/class-actions\/#breadcrumb","itemListElement":[{"@type":"ListItem","position":1,"name":"Home","item":"https:\/\/delouyamarkakis.com\/en\/"},{"@type":"ListItem","position":2,"name":"Class Actions"}]},{"@type":"WebSite","@id":"https:\/\/delouyamarkakis.com\/en\/#website","url":"https:\/\/delouyamarkakis.com\/en\/","name":"De Louya Markakis Avocats","description":"Avocats en fiscalit\u00e9, litige civil et commercial","potentialAction":[{"@type":"SearchAction","target":{"@type":"EntryPoint","urlTemplate":"https:\/\/delouyamarkakis.com\/en\/?s={search_term_string}"},"query-input":"required name=search_term_string"}],"inLanguage":"en-US"}]}},"_links":{"self":[{"href":"https:\/\/delouyamarkakis.com\/en\/wp-json\/wp\/v2\/pages\/299","targetHints":{"allow":["GET"]}}],"collection":[{"href":"https:\/\/delouyamarkakis.com\/en\/wp-json\/wp\/v2\/pages"}],"about":[{"href":"https:\/\/delouyamarkakis.com\/en\/wp-json\/wp\/v2\/types\/page"}],"author":[{"embeddable":true,"href":"https:\/\/delouyamarkakis.com\/en\/wp-json\/wp\/v2\/users\/3"}],"replies":[{"embeddable":true,"href":"https:\/\/delouyamarkakis.com\/en\/wp-json\/wp\/v2\/comments?post=299"}],"version-history":[{"count":4,"href":"https:\/\/delouyamarkakis.com\/en\/wp-json\/wp\/v2\/pages\/299\/revisions"}],"predecessor-version":[{"id":387,"href":"https:\/\/delouyamarkakis.com\/en\/wp-json\/wp\/v2\/pages\/299\/revisions\/387"}],"wp:attachment":[{"href":"https:\/\/delouyamarkakis.com\/en\/wp-json\/wp\/v2\/media?parent=299"}],"curies":[{"name":"wp","href":"https:\/\/api.w.org\/{rel}","templated":true}]}}